{"id":9,"date":"2023-08-02T14:46:33","date_gmt":"2023-08-02T14:46:33","guid":{"rendered":"https:\/\/vuckoprom.com\/?page_id=9"},"modified":"2023-08-07T12:16:18","modified_gmt":"2023-08-07T12:16:18","slug":"our-products","status":"publish","type":"page","link":"https:\/\/vuckoprom.com\/bs\/our-products\/","title":{"rendered":"Na\u0161i proizvodi"},"content":{"rendered":"<div data-elementor-type=\"wp-post\" data-elementor-id=\"9\" class=\"elementor elementor-9\">\n\t\t\t\t\t\t<section class=\"elementor-section elementor-top-section elementor-element elementor-element-779388d elementor-section-full_width elementor-section-height-default elementor-section-height-default\" data-id=\"779388d\" data-element_type=\"section\" data-e-type=\"section\" data-settings=\"{&quot;background_background&quot;:&quot;classic&quot;}\">\n\t\t\t\t\t\t\t<div class=\"elementor-background-overlay\"><\/div>\n\t\t\t\t\t\t\t<div class=\"elementor-container elementor-column-gap-default\">\n\t\t\t\t\t<div class=\"elementor-column elementor-col-100 elementor-top-column elementor-element elementor-element-1930adac\" data-id=\"1930adac\" data-element_type=\"column\" data-e-type=\"column\">\n\t\t\t<div class=\"elementor-widget-wrap elementor-element-populated\">\n\t\t\t\t\t\t<div class=\"elementor-element elementor-element-22f9a13c elementor-widget elementor-widget-heading\" data-id=\"22f9a13c\" data-element_type=\"widget\" data-e-type=\"widget\" data-widget_type=\"heading.default\">\n\t\t\t\t<div class=\"elementor-widget-container\">\n\t\t\t\t\t<h2 class=\"elementor-heading-title elementor-size-default\">Na\u0161i proizvodi<\/h2>\t\t\t\t<\/div>\n\t\t\t\t<\/div>\n\t\t\t\t<div class=\"elementor-element elementor-element-16a87b18 elementor-widget elementor-widget-text-editor\" data-id=\"16a87b18\" data-element_type=\"widget\" data-e-type=\"widget\" data-widget_type=\"text-editor.default\">\n\t\t\t\t<div class=\"elementor-widget-container\">\n\t\t\t\t\t\t\t\t\t<p><a href=\"#\">Po\u010detna<\/a> Proizvodi<\/p>\t\t\t\t\t\t\t\t<\/div>\n\t\t\t\t<\/div>\n\t\t\t\t\t<\/div>\n\t\t<\/div>\n\t\t\t\t\t<\/div>\n\t\t<\/section>\n\t\t\t\t<section class=\"elementor-section elementor-top-section elementor-element elementor-element-2a3ff46 elementor-reverse-tablet elementor-reverse-mobile elementor-section-full_width elementor-section-height-default elementor-section-height-default\" data-id=\"2a3ff46\" data-element_type=\"section\" data-e-type=\"section\">\n\t\t\t\t\t\t<div class=\"elementor-container elementor-column-gap-default\">\n\t\t\t\t\t<div class=\"elementor-column elementor-col-50 elementor-top-column elementor-element elementor-element-177c12ee\" data-id=\"177c12ee\" data-element_type=\"column\" data-e-type=\"column\">\n\t\t\t<div class=\"elementor-widget-wrap elementor-element-populated\">\n\t\t\t\t\t\t<div class=\"elementor-element elementor-element-7c46c259 elementor-widget elementor-widget-spacer\" data-id=\"7c46c259\" data-element_type=\"widget\" data-e-type=\"widget\" data-widget_type=\"spacer.default\">\n\t\t\t\t<div class=\"elementor-widget-container\">\n\t\t\t\t\t\t\t<div class=\"elementor-spacer\">\n\t\t\t<div class=\"elementor-spacer-inner\"><\/div>\n\t\t<\/div>\n\t\t\t\t\t\t<\/div>\n\t\t\t\t<\/div>\n\t\t\t\t<section class=\"elementor-section elementor-inner-section elementor-element elementor-element-751459c3 elementor-section-full_width elementor-section-height-default elementor-section-height-default\" data-id=\"751459c3\" data-element_type=\"section\" data-e-type=\"section\">\n\t\t\t\t\t\t<div class=\"elementor-container elementor-column-gap-default\">\n\t\t\t\t\t<div class=\"elementor-column elementor-col-100 elementor-inner-column elementor-element elementor-element-6bd5c76\" data-id=\"6bd5c76\" data-element_type=\"column\" data-e-type=\"column\" data-settings=\"{&quot;background_background&quot;:&quot;classic&quot;}\">\n\t\t\t<div class=\"elementor-widget-wrap elementor-element-populated\">\n\t\t\t\t\t<div class=\"elementor-background-overlay\"><\/div>\n\t\t\t\t\t\t<div class=\"elementor-element elementor-element-642796a3 elementor-widget elementor-widget-elementskit-heading\" data-id=\"642796a3\" data-element_type=\"widget\" data-e-type=\"widget\" data-widget_type=\"elementskit-heading.default\">\n\t\t\t\t<div class=\"elementor-widget-container\">\n\t\t\t\t\t<div class=\"ekit-wid-con\" ><div class=\"ekit-heading elementskit-section-title-wraper text_left   ekit_heading_tablet-text_left   ekit_heading_mobile-\"><h3 class=\"ekit-heading--title elementskit-section-title\">Pozovite nas <span><span>sada !<\/h3><\/div><\/div>\t\t\t\t<\/div>\n\t\t\t\t<\/div>\n\t\t\t\t<div class=\"elementor-element elementor-element-35809dfb elementor-widget elementor-widget-elementskit-heading\" data-id=\"35809dfb\" data-element_type=\"widget\" data-e-type=\"widget\" data-widget_type=\"elementskit-heading.default\">\n\t\t\t\t<div class=\"elementor-widget-container\">\n\t\t\t\t\t<div class=\"ekit-wid-con\" ><div class=\"ekit-heading elementskit-section-title-wraper text_left   ekit_heading_tablet-text_left   ekit_heading_mobile-\"><h3 class=\"ekit-heading--title elementskit-section-title\">Vu\u010dkoProm<\/h3><\/div><\/div>\t\t\t\t<\/div>\n\t\t\t\t<\/div>\n\t\t\t\t<div class=\"elementor-element elementor-element-500b4819 elementor-align-left elementor-tablet-align-left elementor-widget elementor-widget-button\" data-id=\"500b4819\" data-element_type=\"widget\" data-e-type=\"widget\" data-widget_type=\"button.default\">\n\t\t\t\t<div class=\"elementor-widget-container\">\n\t\t\t\t\t\t\t\t\t<div class=\"elementor-button-wrapper\">\n\t\t\t\t\t<a class=\"elementor-button elementor-button-link elementor-size-sm elementor-animation-shrink\" href=\"https:\/\/vuckoprom.com\/bs\/#contact\">\n\t\t\t\t\t\t<span class=\"elementor-button-content-wrapper\">\n\t\t\t\t\t\t\t\t\t<span class=\"elementor-button-text\">Kontakt<\/span>\n\t\t\t\t\t<\/span>\n\t\t\t\t\t<\/a>\n\t\t\t\t<\/div>\n\t\t\t\t\t\t\t\t<\/div>\n\t\t\t\t<\/div>\n\t\t\t\t\t<\/div>\n\t\t<\/div>\n\t\t\t\t\t<\/div>\n\t\t<\/section>\n\t\t\t\t\t<\/div>\n\t\t<\/div>\n\t\t\t\t<div class=\"elementor-column elementor-col-50 elementor-top-column elementor-element elementor-element-2cdf3ac2\" data-id=\"2cdf3ac2\" data-element_type=\"column\" data-e-type=\"column\">\n\t\t\t<div class=\"elementor-widget-wrap elementor-element-populated\">\n\t\t\t\t\t\t<div class=\"elementor-element elementor-element-a065eee elementor-widget elementor-widget-image\" data-id=\"a065eee\" data-element_type=\"widget\" data-e-type=\"widget\" data-widget_type=\"image.default\">\n\t\t\t\t<div class=\"elementor-widget-container\">\n\t\t\t\t\t\t\t\t\t\t\t\t\t\t\t<img fetchpriority=\"high\" decoding=\"async\" width=\"2560\" height=\"1707\" src=\"https:\/\/vuckoprom.com\/wp-content\/uploads\/2023\/08\/man-working-mdf-boards-warehouse-scaled.jpg\" class=\"attachment-full size-full wp-image-127\" alt=\"\" srcset=\"https:\/\/vuckoprom.com\/wp-content\/uploads\/2023\/08\/man-working-mdf-boards-warehouse-scaled.jpg 2560w, https:\/\/vuckoprom.com\/wp-content\/uploads\/2023\/08\/man-working-mdf-boards-warehouse-300x200.jpg 300w, https:\/\/vuckoprom.com\/wp-content\/uploads\/2023\/08\/man-working-mdf-boards-warehouse-1024x683.jpg 1024w, https:\/\/vuckoprom.com\/wp-content\/uploads\/2023\/08\/man-working-mdf-boards-warehouse-768x512.jpg 768w, https:\/\/vuckoprom.com\/wp-content\/uploads\/2023\/08\/man-working-mdf-boards-warehouse-1536x1024.jpg 1536w, https:\/\/vuckoprom.com\/wp-content\/uploads\/2023\/08\/man-working-mdf-boards-warehouse-2048x1365.jpg 2048w\" sizes=\"(max-width: 2560px) 100vw, 2560px\" \/>\t\t\t\t\t\t\t\t\t\t\t\t\t\t\t<\/div>\n\t\t\t\t<\/div>\n\t\t\t\t<div class=\"elementor-element elementor-element-69afa219 elementor-widget elementor-widget-heading\" data-id=\"69afa219\" data-element_type=\"widget\" data-e-type=\"widget\" data-widget_type=\"heading.default\">\n\t\t\t\t<div class=\"elementor-widget-container\">\n\t\t\t\t\t<h3 class=\"elementor-heading-title elementor-size-default\">Vi\u0161e o nama i na\u0161im proizvodima<\/h3>\t\t\t\t<\/div>\n\t\t\t\t<\/div>\n\t\t\t\t<div class=\"elementor-element elementor-element-4c6b79f5 elementor-widget elementor-widget-text-editor\" data-id=\"4c6b79f5\" data-element_type=\"widget\" data-e-type=\"widget\" data-widget_type=\"text-editor.default\">\n\t\t\t\t<div class=\"elementor-widget-container\">\n\t\t\t\t\t\t\t\t\t<strong>Primarna prerada drveta:<\/strong> To se odnosi na po\u010detne faze prerade drveta, gdje se drvo sje\u010de i sje\u010de na trupce. Trupci se zatim prera\u0111uju u grubo rezano ili tesano drvo pomo\u0107u pilana. Ovo grubo rezano ili tesano drvo se zatim koristi kao sirovina za dalju preradu.\n\n<strong>Polufinalna obrada drveta<\/strong>: Ovo se odnosi na me\u0111ufaze obrade drveta, gdje se grubo rezano ili tesano drvo dalje prera\u0111uje u gotove proizvode. Ovaj proces uklju\u010duje rendisanje, bru\u0161enje i rezanje drveta u odre\u0111ene dimenzije, \u0161to ga \u010dini spremnim za kona\u010dnu upotrebu. Ova faza tako\u0111er mo\u017ee uklju\u010divati \u200b\u200bprimjenu razli\u010ditih tretmana kao \u0161to su bojenje ili farbanje kako bi se pobolj\u0161ala estetika i performanse drveta.\n\nPodovi od drvene trake i zidne obloge: Ovo se odnosi na zavr\u0161nu fazu obrade drveta, koja uklju\u010duje proizvodnju gotovih proizvoda kao \u0161to su podovi od drvenih traka i zidne obloge. Ovi proizvodi se izra\u0111uju rezanjem drveta na tanke trake ili daske, koje se zatim glodaju i dovr\u0161avaju kako bi se stvorile glatke i estetski ugodne povr\u0161ine. Podovi od drvenih traka i zidne obloge popularni su izbori za unutarnje i vanjske dekoracije jer pru\u017eaju prirodan i topao izgled prostoru.\t\t\t\t\t\t\t\t<\/div>\n\t\t\t\t<\/div>\n\t\t\t\t\t<\/div>\n\t\t<\/div>\n\t\t\t\t\t<\/div>\n\t\t<\/section>\n\t\t\t\t<section class=\"elementor-section elementor-top-section elementor-element elementor-element-2504111 elementor-section-boxed elementor-section-height-default elementor-section-height-default\" data-id=\"2504111\" data-element_type=\"section\" data-e-type=\"section\">\n\t\t\t\t\t\t<div class=\"elementor-container elementor-column-gap-default\">\n\t\t\t\t\t<div class=\"elementor-column elementor-col-33 elementor-top-column elementor-element elementor-element-1c0deb6\" data-id=\"1c0deb6\" data-element_type=\"column\" data-e-type=\"column\">\n\t\t\t<div class=\"elementor-widget-wrap elementor-element-populated\">\n\t\t\t\t\t\t<div class=\"elementor-element elementor-element-7a62748 elementor-widget elementor-widget-image\" data-id=\"7a62748\" data-element_type=\"widget\" data-e-type=\"widget\" data-widget_type=\"image.default\">\n\t\t\t\t<div class=\"elementor-widget-container\">\n\t\t\t\t\t\t\t\t\t\t\t\t\t\t\t<img decoding=\"async\" width=\"800\" height=\"600\" src=\"https:\/\/vuckoprom.com\/wp-content\/uploads\/2023\/08\/REAZANA-GRADA-JS-2-1024x768.jpg\" class=\"attachment-large size-large wp-image-122\" alt=\"\" srcset=\"https:\/\/vuckoprom.com\/wp-content\/uploads\/2023\/08\/REAZANA-GRADA-JS-2-1024x768.jpg 1024w, https:\/\/vuckoprom.com\/wp-content\/uploads\/2023\/08\/REAZANA-GRADA-JS-2-300x225.jpg 300w, https:\/\/vuckoprom.com\/wp-content\/uploads\/2023\/08\/REAZANA-GRADA-JS-2-768x576.jpg 768w, https:\/\/vuckoprom.com\/wp-content\/uploads\/2023\/08\/REAZANA-GRADA-JS-2-1536x1152.jpg 1536w, https:\/\/vuckoprom.com\/wp-content\/uploads\/2023\/08\/REAZANA-GRADA-JS-2-2048x1536.jpg 2048w\" sizes=\"(max-width: 800px) 100vw, 800px\" \/>\t\t\t\t\t\t\t\t\t\t\t\t\t\t\t<\/div>\n\t\t\t\t<\/div>\n\t\t\t\t\t<\/div>\n\t\t<\/div>\n\t\t\t\t<div class=\"elementor-column elementor-col-33 elementor-top-column elementor-element elementor-element-2bd6e54\" data-id=\"2bd6e54\" data-element_type=\"column\" data-e-type=\"column\">\n\t\t\t<div class=\"elementor-widget-wrap elementor-element-populated\">\n\t\t\t\t\t\t<section class=\"elementor-section elementor-inner-section elementor-element elementor-element-6b4360d6 elementor-section-boxed elementor-section-height-default elementor-section-height-default\" data-id=\"6b4360d6\" data-element_type=\"section\" data-e-type=\"section\">\n\t\t\t\t\t\t<div class=\"elementor-container elementor-column-gap-default\">\n\t\t\t\t\t<div class=\"elementor-column elementor-col-100 elementor-inner-column elementor-element elementor-element-523dc920\" data-id=\"523dc920\" data-element_type=\"column\" data-e-type=\"column\">\n\t\t\t<div class=\"elementor-widget-wrap elementor-element-populated\">\n\t\t\t\t\t\t<div class=\"elementor-element elementor-element-d138978 elementor-vertical-align-top elementor-widget elementor-widget-image-box\" data-id=\"d138978\" data-element_type=\"widget\" data-e-type=\"widget\" data-widget_type=\"image-box.default\">\n\t\t\t\t<div class=\"elementor-widget-container\">\n\t\t\t\t\t<div class=\"elementor-image-box-wrapper\"><div class=\"elementor-image-box-content\"><h5 class=\"elementor-image-box-title\">Brodski pod\/Lamperija J\/S<\/h5><p class=\"elementor-image-box-description\">Podovi od drvenih traka odnose se na postavljanje uskih drvenih dasaka ili traka kako bi se stvorila kontinuirana ravna povr\u0161ina koja pokriva pod. Popularna je vrsta podnih obloga uglavnom zbog svog elegantnog izgleda i izdr\u017eljivosti.\n\nOblaganje zidova uklju\u010duje oblaganje vanjskih ili unutra\u0161njih zidova materijalom kao \u0161to su drvo, kamen ili plo\u010dice kako bi se pobolj\u0161ao estetski izgled ili za\u0161titili zidovi od o\u0161te\u0107enja. Obloga drvenom trakom je moderna opcija koja se koristi za stvaranje akcentnog zida ili za dodavanje topline i teksture u prostoriju.\n\nI podovi od drvene trake i zidne obloge koriste isti materijal, drvo, i mogu se prilagoditi razli\u010ditim stilovima i dizajnom. Oni daju prirodan i \u0161armantan akcenat svakom \u017eivotnom ili poslovnom prostoru.<\/p><\/div><\/div>\t\t\t\t<\/div>\n\t\t\t\t<\/div>\n\t\t\t\t\t<\/div>\n\t\t<\/div>\n\t\t\t\t\t<\/div>\n\t\t<\/section>\n\t\t\t\t\t<\/div>\n\t\t<\/div>\n\t\t\t\t<div class=\"elementor-column elementor-col-33 elementor-top-column elementor-element elementor-element-0696372\" data-id=\"0696372\" data-element_type=\"column\" data-e-type=\"column\">\n\t\t\t<div class=\"elementor-widget-wrap elementor-element-populated\">\n\t\t\t\t\t\t<div class=\"elementor-element elementor-element-c8d1310 elementor-widget elementor-widget-image\" data-id=\"c8d1310\" data-element_type=\"widget\" data-e-type=\"widget\" data-widget_type=\"image.default\">\n\t\t\t\t<div class=\"elementor-widget-container\">\n\t\t\t\t\t\t\t\t\t\t\t\t\t\t\t<img decoding=\"async\" width=\"800\" height=\"600\" src=\"https:\/\/vuckoprom.com\/wp-content\/uploads\/2023\/08\/REAZANA-GRADA-JS-1-1024x768.jpg\" class=\"attachment-large size-large wp-image-121\" alt=\"\" srcset=\"https:\/\/vuckoprom.com\/wp-content\/uploads\/2023\/08\/REAZANA-GRADA-JS-1-1024x768.jpg 1024w, https:\/\/vuckoprom.com\/wp-content\/uploads\/2023\/08\/REAZANA-GRADA-JS-1-300x225.jpg 300w, https:\/\/vuckoprom.com\/wp-content\/uploads\/2023\/08\/REAZANA-GRADA-JS-1-768x576.jpg 768w, https:\/\/vuckoprom.com\/wp-content\/uploads\/2023\/08\/REAZANA-GRADA-JS-1-1536x1152.jpg 1536w, https:\/\/vuckoprom.com\/wp-content\/uploads\/2023\/08\/REAZANA-GRADA-JS-1-2048x1536.jpg 2048w\" sizes=\"(max-width: 800px) 100vw, 800px\" \/>\t\t\t\t\t\t\t\t\t\t\t\t\t\t\t<\/div>\n\t\t\t\t<\/div>\n\t\t\t\t\t<\/div>\n\t\t<\/div>\n\t\t\t\t\t<\/div>\n\t\t<\/section>\n\t\t\t\t<section class=\"elementor-section elementor-top-section elementor-element elementor-element-3d6f7d3 elementor-section-boxed elementor-section-height-default elementor-section-height-default\" data-id=\"3d6f7d3\" data-element_type=\"section\" data-e-type=\"section\">\n\t\t\t\t\t\t<div class=\"elementor-container elementor-column-gap-default\">\n\t\t\t\t\t<div class=\"elementor-column elementor-col-33 elementor-top-column elementor-element elementor-element-c0cd5ee\" data-id=\"c0cd5ee\" data-element_type=\"column\" data-e-type=\"column\">\n\t\t\t<div class=\"elementor-widget-wrap elementor-element-populated\">\n\t\t\t\t\t\t<div class=\"elementor-element elementor-element-05c1e24 elementor-vertical-align-top elementor-widget elementor-widget-image-box\" data-id=\"05c1e24\" data-element_type=\"widget\" data-e-type=\"widget\" data-widget_type=\"image-box.default\">\n\t\t\t\t<div class=\"elementor-widget-container\">\n\t\t\t\t\t<div class=\"elementor-image-box-wrapper\"><div class=\"elementor-image-box-content\"><h5 class=\"elementor-image-box-title\">Polufinalna obrada drveta<\/h5><p class=\"elementor-image-box-description\">Polufinalna obrada drveta uklju\u010duje pretvaranje grube rezane gra\u0111e u upotrebljiv oblik za izgradnju i proizvodnju. To uklju\u010duje blanjanje, bru\u0161enje i obrezivanje drveta do \u017eeljenih dimenzija i oblika. Krajnji proizvod je glatki i ujedna\u010deni komad drveta koji je spreman za kona\u010dnu upotrebu.<\/p><\/div><\/div>\t\t\t\t<\/div>\n\t\t\t\t<\/div>\n\t\t\t\t\t<\/div>\n\t\t<\/div>\n\t\t\t\t<div class=\"elementor-column elementor-col-33 elementor-top-column elementor-element elementor-element-0226051\" data-id=\"0226051\" data-element_type=\"column\" data-e-type=\"column\">\n\t\t\t<div class=\"elementor-widget-wrap elementor-element-populated\">\n\t\t\t\t\t\t<div class=\"elementor-element elementor-element-b60fc51 elementor-widget elementor-widget-image\" data-id=\"b60fc51\" data-element_type=\"widget\" data-e-type=\"widget\" data-widget_type=\"image.default\">\n\t\t\t\t<div class=\"elementor-widget-container\">\n\t\t\t\t\t\t\t\t\t\t\t\t\t\t\t<img loading=\"lazy\" decoding=\"async\" width=\"800\" height=\"536\" src=\"https:\/\/vuckoprom.com\/wp-content\/uploads\/2023\/08\/sawmill-process-machining-logs-sawmill-machine-saws-tree-trunk-1024x686.jpg\" class=\"attachment-large size-large wp-image-131\" alt=\"\" srcset=\"https:\/\/vuckoprom.com\/wp-content\/uploads\/2023\/08\/sawmill-process-machining-logs-sawmill-machine-saws-tree-trunk-1024x686.jpg 1024w, https:\/\/vuckoprom.com\/wp-content\/uploads\/2023\/08\/sawmill-process-machining-logs-sawmill-machine-saws-tree-trunk-300x201.jpg 300w, https:\/\/vuckoprom.com\/wp-content\/uploads\/2023\/08\/sawmill-process-machining-logs-sawmill-machine-saws-tree-trunk-768x515.jpg 768w, https:\/\/vuckoprom.com\/wp-content\/uploads\/2023\/08\/sawmill-process-machining-logs-sawmill-machine-saws-tree-trunk-1536x1029.jpg 1536w, https:\/\/vuckoprom.com\/wp-content\/uploads\/2023\/08\/sawmill-process-machining-logs-sawmill-machine-saws-tree-trunk-2048x1373.jpg 2048w\" sizes=\"(max-width: 800px) 100vw, 800px\" \/>\t\t\t\t\t\t\t\t\t\t\t\t\t\t\t<\/div>\n\t\t\t\t<\/div>\n\t\t\t\t\t<\/div>\n\t\t<\/div>\n\t\t\t\t<div class=\"elementor-column elementor-col-33 elementor-top-column elementor-element elementor-element-ee9df6c\" data-id=\"ee9df6c\" data-element_type=\"column\" data-e-type=\"column\">\n\t\t\t<div class=\"elementor-widget-wrap elementor-element-populated\">\n\t\t\t\t\t\t<div class=\"elementor-element elementor-element-c4d27e5 elementor-widget elementor-widget-image\" data-id=\"c4d27e5\" data-element_type=\"widget\" data-e-type=\"widget\" data-widget_type=\"image.default\">\n\t\t\t\t<div class=\"elementor-widget-container\">\n\t\t\t\t\t\t\t\t\t\t\t\t\t\t\t<img loading=\"lazy\" decoding=\"async\" width=\"800\" height=\"534\" src=\"https:\/\/vuckoprom.com\/wp-content\/uploads\/2023\/08\/sawmill-is-brought-customers-site-customers-trees-are-cut-size-upon-request-1024x683.jpg\" class=\"attachment-large size-large wp-image-130\" alt=\"\" srcset=\"https:\/\/vuckoprom.com\/wp-content\/uploads\/2023\/08\/sawmill-is-brought-customers-site-customers-trees-are-cut-size-upon-request-1024x683.jpg 1024w, https:\/\/vuckoprom.com\/wp-content\/uploads\/2023\/08\/sawmill-is-brought-customers-site-customers-trees-are-cut-size-upon-request-300x200.jpg 300w, https:\/\/vuckoprom.com\/wp-content\/uploads\/2023\/08\/sawmill-is-brought-customers-site-customers-trees-are-cut-size-upon-request-768x512.jpg 768w, https:\/\/vuckoprom.com\/wp-content\/uploads\/2023\/08\/sawmill-is-brought-customers-site-customers-trees-are-cut-size-upon-request-1536x1024.jpg 1536w, https:\/\/vuckoprom.com\/wp-content\/uploads\/2023\/08\/sawmill-is-brought-customers-site-customers-trees-are-cut-size-upon-request-2048x1365.jpg 2048w\" sizes=\"(max-width: 800px) 100vw, 800px\" \/>\t\t\t\t\t\t\t\t\t\t\t\t\t\t\t<\/div>\n\t\t\t\t<\/div>\n\t\t\t\t\t<\/div>\n\t\t<\/div>\n\t\t\t\t\t<\/div>\n\t\t<\/section>\n\t\t\t\t<section class=\"elementor-section elementor-top-section elementor-element elementor-element-3cdde09 elementor-section-boxed elementor-section-height-default elementor-section-height-default\" data-id=\"3cdde09\" data-element_type=\"section\" data-e-type=\"section\">\n\t\t\t\t\t\t<div class=\"elementor-container elementor-column-gap-default\">\n\t\t\t\t\t<div class=\"elementor-column elementor-col-33 elementor-top-column elementor-element elementor-element-dd9267c\" data-id=\"dd9267c\" data-element_type=\"column\" data-e-type=\"column\">\n\t\t\t<div class=\"elementor-widget-wrap elementor-element-populated\">\n\t\t\t\t\t\t<div class=\"elementor-element elementor-element-9976a29 elementor-widget elementor-widget-image\" data-id=\"9976a29\" data-element_type=\"widget\" data-e-type=\"widget\" data-widget_type=\"image.default\">\n\t\t\t\t<div class=\"elementor-widget-container\">\n\t\t\t\t\t\t\t\t\t\t\t\t\t\t\t<img loading=\"lazy\" decoding=\"async\" width=\"800\" height=\"600\" src=\"https:\/\/vuckoprom.com\/wp-content\/uploads\/2023\/08\/POLUFINALNA-OBRADA-DRVETA-1-1-1024x768.jpg\" class=\"attachment-large size-large wp-image-396\" alt=\"\" srcset=\"https:\/\/vuckoprom.com\/wp-content\/uploads\/2023\/08\/POLUFINALNA-OBRADA-DRVETA-1-1-1024x768.jpg 1024w, https:\/\/vuckoprom.com\/wp-content\/uploads\/2023\/08\/POLUFINALNA-OBRADA-DRVETA-1-1-300x225.jpg 300w, https:\/\/vuckoprom.com\/wp-content\/uploads\/2023\/08\/POLUFINALNA-OBRADA-DRVETA-1-1-768x576.jpg 768w, https:\/\/vuckoprom.com\/wp-content\/uploads\/2023\/08\/POLUFINALNA-OBRADA-DRVETA-1-1-1536x1152.jpg 1536w, https:\/\/vuckoprom.com\/wp-content\/uploads\/2023\/08\/POLUFINALNA-OBRADA-DRVETA-1-1-2048x1536.jpg 2048w, https:\/\/vuckoprom.com\/wp-content\/uploads\/2023\/08\/POLUFINALNA-OBRADA-DRVETA-1-1-16x12.jpg 16w\" sizes=\"(max-width: 800px) 100vw, 800px\" \/>\t\t\t\t\t\t\t\t\t\t\t\t\t\t\t<\/div>\n\t\t\t\t<\/div>\n\t\t\t\t\t<\/div>\n\t\t<\/div>\n\t\t\t\t<div class=\"elementor-column elementor-col-33 elementor-top-column elementor-element elementor-element-e1fe574\" data-id=\"e1fe574\" data-element_type=\"column\" data-e-type=\"column\">\n\t\t\t<div class=\"elementor-widget-wrap elementor-element-populated\">\n\t\t\t\t\t\t<div class=\"elementor-element elementor-element-cca5c36 elementor-widget elementor-widget-image\" data-id=\"cca5c36\" data-element_type=\"widget\" data-e-type=\"widget\" data-widget_type=\"image.default\">\n\t\t\t\t<div class=\"elementor-widget-container\">\n\t\t\t\t\t\t\t\t\t\t\t\t\t\t\t<img loading=\"lazy\" decoding=\"async\" width=\"800\" height=\"600\" src=\"https:\/\/vuckoprom.com\/wp-content\/uploads\/2023\/08\/POLUFINALNA-OBRADA-DRVETA-3-1-1024x768.jpg\" class=\"attachment-large size-large wp-image-398\" alt=\"\" srcset=\"https:\/\/vuckoprom.com\/wp-content\/uploads\/2023\/08\/POLUFINALNA-OBRADA-DRVETA-3-1-1024x768.jpg 1024w, https:\/\/vuckoprom.com\/wp-content\/uploads\/2023\/08\/POLUFINALNA-OBRADA-DRVETA-3-1-300x225.jpg 300w, https:\/\/vuckoprom.com\/wp-content\/uploads\/2023\/08\/POLUFINALNA-OBRADA-DRVETA-3-1-768x576.jpg 768w, https:\/\/vuckoprom.com\/wp-content\/uploads\/2023\/08\/POLUFINALNA-OBRADA-DRVETA-3-1-1536x1152.jpg 1536w, https:\/\/vuckoprom.com\/wp-content\/uploads\/2023\/08\/POLUFINALNA-OBRADA-DRVETA-3-1-2048x1536.jpg 2048w, https:\/\/vuckoprom.com\/wp-content\/uploads\/2023\/08\/POLUFINALNA-OBRADA-DRVETA-3-1-16x12.jpg 16w\" sizes=\"(max-width: 800px) 100vw, 800px\" \/>\t\t\t\t\t\t\t\t\t\t\t\t\t\t\t<\/div>\n\t\t\t\t<\/div>\n\t\t\t\t\t<\/div>\n\t\t<\/div>\n\t\t\t\t<div class=\"elementor-column elementor-col-33 elementor-top-column elementor-element elementor-element-63d84ba\" data-id=\"63d84ba\" data-element_type=\"column\" data-e-type=\"column\">\n\t\t\t<div class=\"elementor-widget-wrap elementor-element-populated\">\n\t\t\t\t\t\t<section class=\"elementor-section elementor-inner-section elementor-element elementor-element-25d66c0 elementor-section-boxed elementor-section-height-default elementor-section-height-default\" data-id=\"25d66c0\" data-element_type=\"section\" data-e-type=\"section\">\n\t\t\t\t\t\t<div class=\"elementor-container elementor-column-gap-default\">\n\t\t\t\t\t<div class=\"elementor-column elementor-col-100 elementor-inner-column elementor-element elementor-element-367871c\" data-id=\"367871c\" data-element_type=\"column\" data-e-type=\"column\">\n\t\t\t<div class=\"elementor-widget-wrap elementor-element-populated\">\n\t\t\t\t\t\t<div class=\"elementor-element elementor-element-0e4fb43 elementor-vertical-align-top elementor-widget elementor-widget-image-box\" data-id=\"0e4fb43\" data-element_type=\"widget\" data-e-type=\"widget\" data-widget_type=\"image-box.default\">\n\t\t\t\t<div class=\"elementor-widget-container\">\n\t\t\t\t\t<div class=\"elementor-image-box-wrapper\"><div class=\"elementor-image-box-content\"><h5 class=\"elementor-image-box-title\">Finalna obrada drveta<\/h5><p class=\"elementor-image-box-description\">Primarna obrada drveta uklju\u010duje pretvaranje trupaca u grubu gra\u0111u, koja se zatim koristi u raznim proizvodima od drveta kao \u0161to su namje\u0161taj, podovi i gra\u0111evinski materijali. Proces uklju\u010duje skidanje kore, piljenje i su\u0161enje u pe\u0107i kako bi se drvo pripremilo za dalju obradu i upotrebu. Drvo se ocjenjuje na osnovu svog izgleda i strukturnih svojstava i prodaje se u razli\u010ditim du\u017einama i \u0161irinama za razli\u010dite primjene.<\/p><\/div><\/div>\t\t\t\t<\/div>\n\t\t\t\t<\/div>\n\t\t\t\t\t<\/div>\n\t\t<\/div>\n\t\t\t\t\t<\/div>\n\t\t<\/section>\n\t\t\t\t\t<\/div>\n\t\t<\/div>\n\t\t\t\t\t<\/div>\n\t\t<\/section>\n\t\t\t\t<\/div>","protected":false},"excerpt":{"rendered":"<p>Our products Home \/ Products Call us now ! Vu\u010dkoProm Contact Us More about us and our products Primary wood processing: This refers to the initial stages of wood processing, where timber is harvested and cut into logs. The logs are then processed into rough sawn or hewn timber using sawmills. These rough sawn or [&hellip;]<\/p>\n","protected":false},"author":1,"featured_media":0,"parent":0,"menu_order":0,"comment_status":"closed","ping_status":"closed","template":"","meta":{"footnotes":""},"class_list":["post-9","page","type-page","status-publish","hentry"],"_links":{"self":[{"href":"https:\/\/vuckoprom.com\/bs\/wp-json\/wp\/v2\/pages\/9","targetHints":{"allow":["GET"]}}],"collection":[{"href":"https:\/\/vuckoprom.com\/bs\/wp-json\/wp\/v2\/pages"}],"about":[{"href":"https:\/\/vuckoprom.com\/bs\/wp-json\/wp\/v2\/types\/page"}],"author":[{"embeddable":true,"href":"https:\/\/vuckoprom.com\/bs\/wp-json\/wp\/v2\/users\/1"}],"replies":[{"embeddable":true,"href":"https:\/\/vuckoprom.com\/bs\/wp-json\/wp\/v2\/comments?post=9"}],"version-history":[{"count":41,"href":"https:\/\/vuckoprom.com\/bs\/wp-json\/wp\/v2\/pages\/9\/revisions"}],"predecessor-version":[{"id":449,"href":"https:\/\/vuckoprom.com\/bs\/wp-json\/wp\/v2\/pages\/9\/revisions\/449"}],"wp:attachment":[{"href":"https:\/\/vuckoprom.com\/bs\/wp-json\/wp\/v2\/media?parent=9"}],"curies":[{"name":"wp","href":"https:\/\/api.w.org\/{rel}","templated":true}]}}